{"id":1706,"date":"2022-04-04T19:47:03","date_gmt":"2022-04-04T19:47:03","guid":{"rendered":"https:\/\/dewriter.com\/?page_id=1706"},"modified":"2022-08-19T13:25:15","modified_gmt":"2022-08-19T13:25:15","slug":"image-compressor","status":"publish","type":"page","link":"https:\/\/dewriter.com\/sv\/bildkomprimering\/","title":{"rendered":"Bildkomprimering"},"content":{"rendered":"<div data-elementor-type=\"wp-page\" data-elementor-id=\"1706\" class=\"elementor elementor-1706\">\n\t\t\t\t\t\t\t\t\t<section class=\"elementor-section elementor-top-section elementor-element elementor-element-dda30ea elementor-section-boxed elementor-section-height-default elementor-section-height-default\" data-id=\"dda30ea\" data-element_type=\"section\">\n\t\t\t\t\t\t<div class=\"elementor-container elementor-column-gap-default\">\n\t\t\t\t\t<div class=\"elementor-column elementor-col-100 elementor-top-column elementor-element elementor-element-7c40a7a\" data-id=\"7c40a7a\" data-element_type=\"column\">\n\t\t\t<div class=\"elementor-widget-wrap elementor-element-populated\">\n\t\t\t\t\t\t\t\t<div class=\"elementor-element elementor-element-a361ce8 elementor-widget elementor-widget-heading\" data-id=\"a361ce8\" data-element_type=\"widget\" data-widget_type=\"heading.default\">\n\t\t\t\t<div class=\"elementor-widget-container\">\n\t\t\t<style>\/*! elementor - v3.8.0 - 30-10-2022 *\/\n.elementor-heading-title{padding:0;margin:0;line-height:1}.elementor-widget-heading .elementor-heading-title[class*=elementor-size-]>a{color:inherit;font-size:inherit;line-height:inherit}.elementor-widget-heading .elementor-heading-title.elementor-size-small{font-size:15px}.elementor-widget-heading .elementor-heading-title.elementor-size-medium{font-size:19px}.elementor-widget-heading .elementor-heading-title.elementor-size-large{font-size:29px}.elementor-widget-heading .elementor-heading-title.elementor-size-xl{font-size:39px}.elementor-widget-heading .elementor-heading-title.elementor-size-xxl{font-size:59px}<\/style><h1 class=\"elementor-heading-title elementor-size-default\">Snabb och smidig bildkomprimering<\/h1>\t\t<\/div>\n\t\t\t\t<\/div>\n\t\t\t\t<div class=\"elementor-element elementor-element-6f8a1cf elementor-widget elementor-widget-shortcode\" data-id=\"6f8a1cf\" data-element_type=\"widget\" data-widget_type=\"shortcode.default\">\n\t\t\t\t<div class=\"elementor-widget-container\">\n\t\t\t\t\t<div class=\"elementor-shortcode\"><div class='image-compressor-wrapper'>\n<div class=\"wpcf7 no-js\" id=\"wpcf7-f1803-o1\" lang=\"en-US\" dir=\"ltr\">\n<div class=\"screen-reader-response\"><p role=\"status\" aria-live=\"polite\" aria-atomic=\"true\"><\/p> <ul><\/ul><\/div>\n<form action=\"\/sv\/wp-json\/wp\/v2\/pages\/1706#wpcf7-f1803-o1\" method=\"post\" class=\"wpcf7-form init\" aria-label=\"Kontaktformul\u00e4r\" novalidate=\"novalidate\" data-status=\"init\" data-trp-original-action=\"\/sv\/wp-json\/wp\/v2\/pages\/1706#wpcf7-f1803-o1\">\n<div style=\"display: none;\">\n<input type=\"hidden\" name=\"_wpcf7\" value=\"1803\" \/>\n<input type=\"hidden\" name=\"_wpcf7_version\" value=\"5.7.7\" \/>\n<input type=\"hidden\" name=\"_wpcf7_locale\" value=\"en_US\" \/>\n<input type=\"hidden\" name=\"_wpcf7_unit_tag\" value=\"wpcf7-f1803-o1\" \/>\n<input type=\"hidden\" name=\"_wpcf7_container_post\" value=\"0\" \/>\n<input type=\"hidden\" name=\"_wpcf7_posted_data_hash\" value=\"\" \/>\n<input type=\"hidden\" name=\"upload_dir\" value=\"1152962290\" \/>\n<input type=\"hidden\" name=\"generate_name\" value=\"05-01-26-69f467e7ea604\" \/>\n<\/div>\n<div class='settings-wrapper'>\n\t<div class='settings-left-col'>\n\t\t<p><label> Komprimeringsniv\u00e5<br \/>\n<span class=\"wpcf7-form-control-wrap\" data-name=\"compression\"><span class=\"wpcf7-form-control wpcf7-radio compression-checkbox\"><span class=\"wpcf7-list-item first\"><label><input type=\"radio\" name=\"compression\" value=\"1\" checked=\"checked\" \/><span class=\"wpcf7-list-item-label\">1<\/span><\/label><\/span><span class=\"wpcf7-list-item\"><label><input type=\"radio\" name=\"compression\" value=\"2\" \/><span class=\"wpcf7-list-item-label\">2<\/span><\/label><\/span><span class=\"wpcf7-list-item last\"><label><input type=\"radio\" name=\"compression\" value=\"3\" \/><span class=\"wpcf7-list-item-label\">3<\/span><\/label><\/span><\/span><\/span><br \/>\n<\/label>\n\t\t<\/p>\n\t<\/div>\n\t<div class='settings-right-col'>\n\t\t<p><label> \u00c4ndra storlek p\u00e5 bild<br \/>\n<span class=\"wpcf7-form-control-wrap\" data-name=\"resize\"><span class=\"wpcf7-form-control wpcf7-radio resize-radio\"><span class=\"wpcf7-list-item first\"><label><input type=\"radio\" name=\"resize\" value=\"No\" checked=\"checked\" \/><span class=\"wpcf7-list-item-label\">Nej<\/span><\/label><\/span><span class=\"wpcf7-list-item\"><label><input type=\"radio\" name=\"resize\" value=\"By width\" \/><span class=\"wpcf7-list-item-label\">Efter bredd<\/span><\/label><\/span><span class=\"wpcf7-list-item\"><label><input type=\"radio\" name=\"resize\" value=\"By height\" \/><span class=\"wpcf7-list-item-label\">Efter h\u00f6jd<\/span><\/label><\/span><span class=\"wpcf7-list-item last\"><label><input type=\"radio\" name=\"resize\" value=\"Percentage\" \/><span class=\"wpcf7-list-item-label\">Procentuellt<\/span><\/label><\/span><\/span><\/span><br \/>\n<\/label>\n\t\t<\/p>\n\t<\/div>\n<\/div>\n<p><label> Bilder<br \/>\n<span class=\"wpcf7-form-control-wrap\" data-name=\"upload-files\"><input size=\"40\" class=\"wpcf7-form-control wpcf7-drag-n-drop-file d-none\" aria-required=\"true\" aria-invalid=\"false\" type=\"file\" multiple=\"multiple\" data-name=\"upload-files\" data-limit=\"104857600\" data-max=\"5\" data-id=\"1803\" name=\"\" \/><\/span><br \/>\n<\/label>\n<\/p>\n<div class='image-compress-btn'>\n\t<p><input class=\"wpcf7-form-control has-spinner wpcf7-submit\" type=\"submit\" value=\"Generera och ladda ned zip-fil\" \/>\n\t<\/p>\n<\/div><div class=\"wpcf7-response-output\" aria-hidden=\"true\"><\/div>\n<input type=\"hidden\" name=\"trp-form-language\" value=\"sv\"\/><\/form>\n<\/div>\n<div class='image-compressor-wrapper'><\/div>\n\t\t\t\t<\/div>\n\t\t\t\t<\/div>\n\t\t\t\t<div class=\"elementor-element elementor-element-0dd575c elementor-widget-divider--view-line elementor-widget elementor-widget-divider\" data-id=\"0dd575c\" data-element_type=\"widget\" data-widget_type=\"divider.default\">\n\t\t\t\t<div class=\"elementor-widget-container\">\n\t\t\t<style>\/*! elementor - v3.8.0 - 30-10-2022 *\/\n.elementor-widget-divider{--divider-border-style:none;--divider-border-width:1px;--divider-color:#2c2c2c;--divider-icon-size:20px;--divider-element-spacing:10px;--divider-pattern-height:24px;--divider-pattern-size:20px;--divider-pattern-url:none;--divider-pattern-repeat:repeat-x}.elementor-widget-divider .elementor-divider{display:-webkit-box;display:-ms-flexbox;display:flex}.elementor-widget-divider .elementor-divider__text{font-size:15px;line-height:1;max-width:95%}.elementor-widget-divider .elementor-divider__element{margin:0 var(--divider-element-spacing);-ms-flex-negative:0;flex-shrink:0}.elementor-widget-divider .elementor-icon{font-size:var(--divider-icon-size)}.elementor-widget-divider .elementor-divider-separator{display:-webkit-box;display:-ms-flexbox;display:flex;margin:0;direction:ltr}.elementor-widget-divider--view-line_icon .elementor-divider-separator,.elementor-widget-divider--view-line_text .elementor-divider-separator{-webkit-box-align:center;-ms-flex-align:center;align-items:center}.elementor-widget-divider--view-line_icon .elementor-divider-separator:after,.elementor-widget-divider--view-line_icon .elementor-divider-separator:before,.elementor-widget-divider--view-line_text .elementor-divider-separator:after,.elementor-widget-divider--view-line_text .elementor-divider-separator:before{display:block;content:\"\";border-bottom:0;-webkit-box-flex:1;-ms-flex-positive:1;flex-grow:1;border-top:var(--divider-border-width) var(--divider-border-style) var(--divider-color)}.elementor-widget-divider--element-align-left .elementor-divider .elementor-divider-separator>.elementor-divider__svg:first-of-type{-webkit-box-flex:0;-ms-flex-positive:0;flex-grow:0;-ms-flex-negative:100;flex-shrink:100}.elementor-widget-divider--element-align-left .elementor-divider-separator:before{content:none}.elementor-widget-divider--element-align-left .elementor-divider__element{margin-left:0}.elementor-widget-divider--element-align-right .elementor-divider .elementor-divider-separator>.elementor-divider__svg:last-of-type{-webkit-box-flex:0;-ms-flex-positive:0;flex-grow:0;-ms-flex-negative:100;flex-shrink:100}.elementor-widget-divider--element-align-right .elementor-divider-separator:after{content:none}.elementor-widget-divider--element-align-right .elementor-divider__element{margin-right:0}.elementor-widget-divider:not(.elementor-widget-divider--view-line_text):not(.elementor-widget-divider--view-line_icon) .elementor-divider-separator{border-top:var(--divider-border-width) var(--divider-border-style) var(--divider-color)}.elementor-widget-divider--separator-type-pattern{--divider-border-style:none}.elementor-widget-divider--separator-type-pattern.elementor-widget-divider--view-line .elementor-divider-separator,.elementor-widget-divider--separator-type-pattern:not(.elementor-widget-divider--view-line) .elementor-divider-separator:after,.elementor-widget-divider--separator-type-pattern:not(.elementor-widget-divider--view-line) .elementor-divider-separator:before,.elementor-widget-divider--separator-type-pattern:not([class*=elementor-widget-divider--view]) .elementor-divider-separator{width:100%;min-height:var(--divider-pattern-height);-webkit-mask-size:var(--divider-pattern-size) 100%;mask-size:var(--divider-pattern-size) 100%;-webkit-mask-repeat:var(--divider-pattern-repeat);mask-repeat:var(--divider-pattern-repeat);background-color:var(--divider-color);-webkit-mask-image:var(--divider-pattern-url);mask-image:var(--divider-pattern-url)}.elementor-widget-divider--no-spacing{--divider-pattern-size:auto}.elementor-widget-divider--bg-round{--divider-pattern-repeat:round}.rtl .elementor-widget-divider .elementor-divider__text{direction:rtl}.e-con-inner>.elementor-widget-divider,.e-con>.elementor-widget-divider{width:var(--container-widget-width,100%)}<\/style>\t\t<div class=\"elementor-divider\">\n\t\t\t<span class=\"elementor-divider-separator\">\n\t\t\t\t\t\t<\/span>\n\t\t<\/div>\n\t\t\t\t<\/div>\n\t\t\t\t<\/div>\n\t\t\t\t\t<\/div>\n\t\t<\/div>\n\t\t\t\t\t\t\t<\/div>\n\t\t<\/section>\n\t\t\t\t<section class=\"elementor-section elementor-top-section elementor-element elementor-element-5cf3896 elementor-section-boxed elementor-section-height-default elementor-section-height-default\" data-id=\"5cf3896\" data-element_type=\"section\">\n\t\t\t\t\t\t<div class=\"elementor-container elementor-column-gap-default\">\n\t\t\t\t\t<div class=\"elementor-column elementor-col-50 elementor-top-column elementor-element elementor-element-a97f644\" data-id=\"a97f644\" data-element_type=\"column\">\n\t\t\t<div class=\"elementor-widget-wrap elementor-element-populated\">\n\t\t\t\t\t\t\t\t<div class=\"elementor-element elementor-element-a8efdbf elementor-widget elementor-widget-heading\" data-id=\"a8efdbf\" data-element_type=\"widget\" data-widget_type=\"heading.default\">\n\t\t\t\t<div class=\"elementor-widget-container\">\n\t\t\t<h2 class=\"elementor-heading-title elementor-size-default\">Vad menas med bildkomprimering?<\/h2>\t\t<\/div>\n\t\t\t\t<\/div>\n\t\t\t\t<div class=\"elementor-element elementor-element-78bd3aa elementor-widget elementor-widget-text-editor\" data-id=\"78bd3aa\" data-element_type=\"widget\" data-widget_type=\"text-editor.default\">\n\t\t\t\t<div class=\"elementor-widget-container\">\n\t\t\t<style>\/*! elementor - v3.8.0 - 30-10-2022 *\/\n.elementor-widget-text-editor.elementor-drop-cap-view-stacked .elementor-drop-cap{background-color:#818a91;color:#fff}.elementor-widget-text-editor.elementor-drop-cap-view-framed .elementor-drop-cap{color:#818a91;border:3px solid;background-color:transparent}.elementor-widget-text-editor:not(.elementor-drop-cap-view-default) .elementor-drop-cap{margin-top:8px}.elementor-widget-text-editor:not(.elementor-drop-cap-view-default) .elementor-drop-cap-letter{width:1em;height:1em}.elementor-widget-text-editor .elementor-drop-cap{float:left;text-align:center;line-height:1;font-size:50px}.elementor-widget-text-editor .elementor-drop-cap-letter{display:inline-block}<\/style>\t\t\t\t<p>Detta verktyg riktar sig fr\u00e4mst f\u00f6r dig som administrerar en webbplats och vill komprimera och optimera de bilder som finns p\u00e5 den. Bilder f\u00f6rmedlar m\u00e5nga olika k\u00e4nslor och intryck vilket f\u00e5r bes\u00f6karen att uppfatta din webbplats p\u00e5 ett eller annat s\u00e4tt.<\/p><p>Problemet \u00e4r att samtidigt som bilderna \u00e4r v\u00e4ldigt viktiga f\u00f6r anv\u00e4ndarupplevelsen utg\u00f6r de ofta \u00e4ven en stor del av sidans totala \u201ctyngd\u201d. Det \u00e4r inte alls ovanligt att bilderna st\u00e5r f\u00f6r 60-80% av sidans totala storlek vilken din webbl\u00e4sare m\u00e5ste ladda ned innan bes\u00f6karen ser dem. Ju st\u00f6rre bilderna \u00e4r desto l\u00e4ngre tid tar det att ladda sidan vilket i sin tur kan f\u00e5 negativa konsekvenser. Om det tar f\u00f6r l\u00e5ng tid att ladda sidan \u00e4r risken stor att bes\u00f6karen helt enkelt l\u00e4mnar sidan och bes\u00f6ker n\u00e5gon annan som laddas snabbt ist\u00e4llet. Dessutom f\u00e5r det negativa konsekvenser ur ett rent SEO-perspektiv (Search Engine Optimization). Hastigheten p\u00e5 sidan \u00e4r en viktig faktor f\u00f6r rankingen och stora, tunga bilder p\u00e5verkar detta negativt.<\/p><p>V\u00e5rt bildkomprimeringsverktyg komprimerar och anpassar bilderna s\u00e5 att de f\u00e5r en mindre filstorlek och d\u00e4rmed blir mer optimerade f\u00f6r anv\u00e4ndning och visning p\u00e5 webben. I v\u00e5rt verktyg kan du dessutom skala ned bildernas storlek genom att ange \u00f6nskad bredd eller h\u00f6jd i pixlar alternativt procentuellt i f\u00f6rh\u00e5llande till bildens originalstorlek.<\/p>\t\t\t\t\t\t<\/div>\n\t\t\t\t<\/div>\n\t\t\t\t\t<\/div>\n\t\t<\/div>\n\t\t\t\t<div class=\"elementor-column elementor-col-50 elementor-top-column elementor-element elementor-element-a5415aa\" data-id=\"a5415aa\" data-element_type=\"column\">\n\t\t\t<div class=\"elementor-widget-wrap elementor-element-populated\">\n\t\t\t\t\t\t\t\t<div class=\"elementor-element elementor-element-61e5e67 elementor-widget elementor-widget-heading\" data-id=\"61e5e67\" data-element_type=\"widget\" data-widget_type=\"heading.default\">\n\t\t\t\t<div class=\"elementor-widget-container\">\n\t\t\t<h2 class=\"elementor-heading-title elementor-size-default\">Hur anv\u00e4nder man detta verktyget?<\/h2>\t\t<\/div>\n\t\t\t\t<\/div>\n\t\t\t\t<div class=\"elementor-element elementor-element-888bab5 elementor-widget elementor-widget-text-editor\" data-id=\"888bab5\" data-element_type=\"widget\" data-widget_type=\"text-editor.default\">\n\t\t\t\t<div class=\"elementor-widget-container\">\n\t\t\t\t\t\t\t<p>Med v\u00e5rt verktyg \u00e4r det v\u00e4ldigt enkelt att komprimera och \u00e4ndra storlek p\u00e5 dina bilder.<\/p><h3>1. V\u00e4lj kompressionsniv\u00e5<\/h3><p>Du kan v\u00e4lja tre olika grader av komprimering d\u00e4r 1 \u00e4r den l\u00e4gsta komprimeringen och 3 \u00e4r den h\u00f6gsta m\u00f6jliga komprimeringen. Komprimeringsniv\u00e5 1 och 2 \u00e4r mer eller mindre \u201cLossless\u201d och du kan knappt kan se n\u00e5gon skillnad p\u00e5 bildens kvalitet med blotta \u00f6gat. Niv\u00e5 3 \u00e4r v\u00e4ldigt kraftfull och p\u00e5 vissa bilder kan man uppleva en n\u00e5got l\u00e4gre bildkvalitet.<\/p><h3>2. Ange om du vill \u00e4ndra storlek p\u00e5 bilden eller inte<\/h3><p>Du kan \u00e4ndra storleken genom att ange bildens h\u00f6jd eller bredd i pixlar och bilden kommer d\u00e5 att skalas proportionerligt efter det antal pixlar du angett. Du kan \u00e4ven v\u00e4lja att skala bilden procentuellt och d\u00e5 skulle t.ex 50% skala ned bilden till h\u00e4lften av originalbildens h\u00f6jd och bredd.<\/p><h3>3. Ladda upp bilderna du vill optimera<\/h3><p>Dra och sl\u00e4pp de bilder du vill optimera i det tydligt markerade f\u00e4ltet eller tryck p\u00e5 bl\u00e4ddra f\u00f6r att v\u00e4lja bilderna manuellt fr\u00e5n ditt filsystem.<\/p><ul><li>Som g\u00e4stanv\u00e4ndare och f\u00f6r dig med ett registrerat gratiskonto kan du komprimera 5 bilder \u00e5t g\u00e5ngen men du kan bara v\u00e4lja den h\u00f6gsta kompressionsniv\u00e5n om du har registrerat dig f\u00f6r ett gratiskonto<\/li><li>Som en betalande anv\u00e4ndare kan du komprimera 20 bilder \u00e5t g\u00e5ngen och anv\u00e4nda den h\u00f6gsta kompressionsgraden samt v\u00e4lja alla tre kompressionsniv\u00e5er samtidigt vilket ger dig flera olika versioner av dina optimerade bilder.<\/li><\/ul><h3>4. Spara de optimerade bilderna till din dator<\/h3><p>Du kan ladda hem bilderna var och en f\u00f6r sig efter att komprimeringsprocessen \u00e4r klar eller s\u00e5 kan du skapa och ladda hem en zip-fil som inneh\u00e5ller dina nya och optimerade bilder tillsammans med en textfil som tydligt visar hur mycket bilderna har komprimerats och hur mycket utrymme du sparat genom att optimera dem.<\/p>\t\t\t\t\t\t<\/div>\n\t\t\t\t<\/div>\n\t\t\t\t\t<\/div>\n\t\t<\/div>\n\t\t\t\t\t\t\t<\/div>\n\t\t<\/section>\n\t\t\t\t\t\t\t<\/div>","protected":false},"excerpt":{"rendered":"<p>Simple image compressor What is an image compressor? This tool is mainly aimed at you who administer a website and want to compress and optimize the images on it. Images convey many different feelings and impressions, which makes the visitor perceive your website in one way or another. The problem is that while the images &hellip;<\/p>\n<p class=\"read-more\"> <a class=\"ast-button\" href=\"https:\/\/dewriter.com\/sv\/bildkomprimering\/\"> <span class=\"screen-reader-text\">Bildkomprimering<\/span> Read More \u00bb<\/a><\/p>","protected":false},"author":1,"featured_media":0,"parent":0,"menu_order":0,"comment_status":"closed","ping_status":"closed","template":"","meta":{"site-sidebar-layout":"no-sidebar","site-content-layout":"page-builder","ast-global-header-display":"","ast-main-header-display":"","ast-hfb-above-header-display":"","ast-hfb-below-header-display":"","ast-hfb-mobile-header-display":"","site-post-title":"disabled","ast-breadcrumbs-content":"","ast-featured-img":"disabled","footer-sml-layout":"","theme-transparent-header-meta":"","adv-header-id-meta":"","stick-header-meta":"","header-above-stick-meta":"","header-main-stick-meta":"","header-below-stick-meta":""},"_links":{"self":[{"href":"https:\/\/dewriter.com\/sv\/wp-json\/wp\/v2\/pages\/1706"}],"collection":[{"href":"https:\/\/dewriter.com\/sv\/wp-json\/wp\/v2\/pages"}],"about":[{"href":"https:\/\/dewriter.com\/sv\/wp-json\/wp\/v2\/types\/page"}],"author":[{"embeddable":true,"href":"https:\/\/dewriter.com\/sv\/wp-json\/wp\/v2\/users\/1"}],"replies":[{"embeddable":true,"href":"https:\/\/dewriter.com\/sv\/wp-json\/wp\/v2\/comments?post=1706"}],"version-history":[{"count":56,"href":"https:\/\/dewriter.com\/sv\/wp-json\/wp\/v2\/pages\/1706\/revisions"}],"predecessor-version":[{"id":1996,"href":"https:\/\/dewriter.com\/sv\/wp-json\/wp\/v2\/pages\/1706\/revisions\/1996"}],"wp:attachment":[{"href":"https:\/\/dewriter.com\/sv\/wp-json\/wp\/v2\/media?parent=1706"}],"curies":[{"name":"wp","href":"https:\/\/api.w.org\/{rel}","templated":true}]}}